{"id":3997,"date":"2018-12-05T12:14:41","date_gmt":"2018-12-05T11:14:41","guid":{"rendered":"https:\/\/www.hazotsara.com\/?page_id=3997"},"modified":"2025-01-27T11:27:07","modified_gmt":"2025-01-27T10:27:07","slug":"mariage-lune-de-miel","status":"publish","type":"page","link":"https:\/\/www.hazotsara.com\/fr\/mariage-lune-de-miel\/","title":{"rendered":"Mariage &#038; Lune de miel"},"content":{"rendered":"<div class=\"wpb-content-wrapper\"><p>[vc_row add_container=\u00a0\u00bb\u00a0\u00bb css=\u00a0\u00bb.vc_custom_1533809774678{margin-top: 100px !important;margin-bottom: 100px !important;}\u00a0\u00bb][vc_column width=\u00a0\u00bb1\/6&Prime;][\/vc_column][vc_column width=\u00a0\u00bb2\/3&Prime;]\r\n        <div class=\"blurb   \" style='\r\n            background:;\r\n            '>\r\n            <div\r\n                class=\"blurb-wrapper\"\r\n                style=\"text-align: center\"\r\n            >\r\n                <div class=\"row\">\r\n\r\n                    <div class=\"col-md-12\" >\r\n\r\n\r\n                                                                                <div class=\"blurb-image\">\r\n                                <div class=\"image-wrapper heffect-on\">\r\n                                    <img loading=\"lazy\" decoding=\"async\" width=\"1920\" height=\"1280\" src=\"https:\/\/www.hazotsara.com\/media\/lune-de-miel.jpg\" class=\"attachment-full size-full\" alt=\"\" srcset=\"https:\/\/www.hazotsara.com\/media\/lune-de-miel.jpg 1920w, https:\/\/www.hazotsara.com\/media\/lune-de-miel-300x200.jpg 300w, https:\/\/www.hazotsara.com\/media\/lune-de-miel-768x512.jpg 768w, https:\/\/www.hazotsara.com\/media\/lune-de-miel-1024x683.jpg 1024w\" sizes=\"auto, (max-width: 1920px) 100vw, 1920px\" \/>                                <\/div>\r\n                            <\/div>\r\n                                                <!--                        end of \/.blurb-icon -->\r\n\r\n\r\n                                                    <div class=\"blurb-content\">\r\n\r\n                                                                    <div class=\"title-wrapper\" style='\r\n                                        margin:;\r\n                                        padding:20px 0px 0px 0px;\r\n                                        '>\r\n                                        <h3 style='\r\n                                            color:;\r\n                                            font-size:36px;\r\n                                            '>\r\n                                            Lune de miel exclusive                                        <\/h3>\r\n                                    <\/div>\r\n                                \r\n                                \r\n                                <div class=\"content-wrapper\">\r\n                                    <div class=\"content-section\" style='\r\n                                        color:;\r\n                                        margin:;\r\n                                        padding:20px 0px;\r\n                                        font-size:;\r\n                                        line-height:;\r\n                                        '>\r\n                                        Vos r\u00eaves deviennent r\u00e9alit\u00e9 avec cette proposition exclusive et romantique qui offre le luxe \u00ab\u00a0pieds nus\u00a0\u00bb. Une lune de miel idyllique dans une belle villa \u00e0 Nosy Be. Profitez de la piscine \u00e0 d\u00e9bordement priv\u00e9e avec vue sur la baie&#8230; tout simplement le cadre id\u00e9al.                                    <\/div>\r\n                                <\/div>\r\n\r\n                                                                    <div class=\"call-to-action\" style=\"\r\n                                        text-align:center;\r\n                                    \">\r\n                                                                                    <a\r\n                                                class=\"valley-grd-btn\"\r\n                                                href=\"https:\/\/www.hazotsara.com\/fr\/circuits\/lune-de-miel-exclusive\/\"\r\n                                                btn-text=\"R\u00e9servez\"\r\n                                                target=\"\"\r\n                                            >\r\n                                                R\u00e9servez                                            <\/a>\r\n                                                                            <\/div>\r\n                                \r\n                            <\/div>\r\n                            <!--                        end of \/.blurb-content-->\r\n                        \r\n                    <\/div>\r\n                    <!--                    end of \/.row-->\r\n                <\/div>\r\n                <!--                end of \/.blurb-v2-->\r\n            <\/div>\r\n            <!--            end of \/.blurb-wrapper-->\r\n        <\/div>\r\n        <!--        end of \/.blurb-->\r\n\r\n        [\/vc_column][vc_column width=\u00a0\u00bb1\/6&Prime;][\/vc_column][\/vc_row][vc_row full_width=\u00a0\u00bbstretch_row\u00a0\u00bb add_container=\u00a0\u00bb\u00a0\u00bb css=\u00a0\u00bb.vc_custom_1534406366021{padding-top: 100px !important;padding-bottom: 65px !important;background-image: url(https:\/\/www.hazotsara.com\/media\/honeymoon-03.jpg?id=3270) !important;background-position: center !important;background-repeat: no-repeat !important;background-size: cover !important;}\u00a0\u00bb el_class=\u00a0\u00bbvalley-full-section-overlay-black dest-no-border\u00a0\u00bb][vc_column css=\u00a0\u00bb.vc_custom_1489404112894{padding-top: 0px !important;}\u00a0\u00bb]\r\n        <div class=\"valley-section-header  vc_custom_1544009032647  \">\r\n            <div\r\n                class=\"valley-section-header-wrapper\"\r\n                style=\"text-align: center\"\r\n            >\r\n                <div class=\"row\">\r\n\r\n                    <div class=\"col-md-12\">\r\n                        <!-- If subtitle show first  -->\r\n                        \r\n\r\n                                                    <div class=\"title-wrapper\" style='\r\n                                margin:;\r\n                                padding:;\r\n                                '>\r\n                                <h2 class=\"st-ff-open-sans\" style='\r\n                                    color:#ffffff;\r\n                                    font-size:35px;\r\n                                    font-weight:700;\r\n                                    line-height:;\r\n                                    letter-spacing:;\r\n                                    text-transform:capitalize;\r\n                                    '>\r\n                                    Organisation de Mariage                                <\/h2>\r\n                            <\/div>\r\n                        \r\n                        <!-- If seperator  -->\r\n                                                                                    <div class=\"seperator-wrapper\" style='\r\n                                    margin:3px 0px 11px;\r\n                                    '>\r\n                                    <img decoding=\"async\" src=\"\" alt=\"\" class=\"seperator\">\r\n                                <\/div>\r\n                                                    \r\n\r\n                        <!-- If subtitle not show first  -->\r\n                                                                                    <div class=\"subtitle-wrapper\" style='\r\n                                    margin:5px 0px 0px 0px;\r\n                                    padding:;\r\n                                    '>\r\n                                    <h3 style='\r\n                                        color:#ffffff;\r\n                                        font-size:16px;\r\n                                        font-weight:400;\r\n                                        line-height:2;\r\n                                        letter-spacing:;\r\n                                        text-transform:uppercase;\r\n                                        font-style:;\r\n                                        '>\r\n                                        Vous recherchez un expert pour organiser votre mariage \u00e0 Madagascar? Faites-nous confiance et vivez ce moment exceptionnel dans un contexte naturellement magique!                                    <\/h3>\r\n                                <\/div>\r\n                                                    \r\n\r\n\r\n                        \r\n                    <\/div>\r\n                    <!--                    end of \/.row-->\r\n                <\/div>\r\n                <!--                end of \/.valley-section-header-v2-->\r\n            <\/div>\r\n            <!--            end of \/.valley-section-header-wrapper-->\r\n        <\/div>\r\n        <!--        end of \/.valley-section-header-->\r\n\r\n        [vc_row_inner][vc_column_inner width=\u00a0\u00bb1\/2&Prime;][vc_masonry_media_grid element_width=\u00a0\u00bb12&Prime; gap=\u00a0\u00bb35&Prime; item=\u00a0\u00bbmasonryMedia_ScaleWithRotationLight\u00a0\u00bb grid_id=\u00a0\u00bbvc_gid:1545296064232-43e186fe-721b-8&Prime; include=\u00a0\u00bb3241,3411&Prime;][\/vc_column_inner][vc_column_inner width=\u00a0\u00bb1\/2&Prime;][\/vc_column_inner][\/vc_row_inner][\/vc_column][\/vc_row][vc_row add_container=\u00a0\u00bb\u00a0\u00bb css=\u00a0\u00bb.vc_custom_1533812048420{margin-top: 50px !important;}\u00a0\u00bb][vc_column width=\u00a0\u00bb1\/2&Prime;][vc_single_image image=\u00a0\u00bb3465&Prime; img_size=\u00a0\u00bblarge\u00a0\u00bb onclick=\u00a0\u00bblink_image\u00a0\u00bb][\/vc_column][vc_column width=\u00a0\u00bb1\/2&Prime;][vc_single_image image=\u00a0\u00bb3242&Prime; img_size=\u00a0\u00bblarge\u00a0\u00bb onclick=\u00a0\u00bblink_image\u00a0\u00bb][\/vc_column][\/vc_row]<\/p>\n<\/div>","protected":false},"excerpt":{"rendered":"<p>[vc_row add_container=\u00a0\u00bb\u00a0\u00bb css=\u00a0\u00bb.vc_custom_1533809774678{margin-top: 100px !important;margin-bottom: 100px !important;}\u00a0\u00bb][vc_column width=\u00a0\u00bb1\/6&Prime;][\/vc_column][vc_column width=\u00a0\u00bb2\/3&Prime;][\/vc_column][vc_column width=\u00a0\u00bb1\/6&Prime;][\/vc_column][\/vc_row][vc_row full_width=\u00a0\u00bbstretch_row\u00a0\u00bb add_container=\u00a0\u00bb\u00a0\u00bb css=\u00a0\u00bb.vc_custom_1534406366021{padding-top: 100px !important;padding-bottom: 65px !important;background-image: url(https:\/\/www.hazotsara.com\/media\/honeymoon-03.jpg?id=3270) !important;background-position: center !important;background-repeat: no-repeat !important;background-size: cover !important;}\u00a0\u00bb el_class=\u00a0\u00bbvalley-full-section-overlay-black dest-no-border\u00a0\u00bb][vc_column css=\u00a0\u00bb.vc_custom_1489404112894{padding-top: 0px !important;}\u00a0\u00bb][vc_row_inner][vc_column_inner width=\u00a0\u00bb1\/2&Prime;][vc_masonry_media_grid element_width=\u00a0\u00bb12&Prime; gap=\u00a0\u00bb35&Prime; item=\u00a0\u00bbmasonryMedia_ScaleWithRotationLight\u00a0\u00bb grid_id=\u00a0\u00bbvc_gid:1545296064232-43e186fe-721b-8&Prime; include=\u00a0\u00bb3241,3411&Prime;][\/vc_column_inner][vc_column_inner width=\u00a0\u00bb1\/2&Prime;][\/vc_column_inner][\/vc_row_inner][\/vc_column][\/vc_row][vc_row add_container=\u00a0\u00bb\u00a0\u00bb css=\u00a0\u00bb.vc_custom_1533812048420{margin-top: 50px !important;}\u00a0\u00bb][vc_column width=\u00a0\u00bb1\/2&Prime;][vc_single_image image=\u00a0\u00bb3465&Prime; img_size=\u00a0\u00bblarge\u00a0\u00bb onclick=\u00a0\u00bblink_image\u00a0\u00bb][\/vc_column][vc_column width=\u00a0\u00bb1\/2&Prime;][vc_single_image image=\u00a0\u00bb3242&Prime; img_size=\u00a0\u00bblarge\u00a0\u00bb onclick=\u00a0\u00bblink_image\u00a0\u00bb][\/vc_column][\/vc_row]<\/p>\n","protected":false},"author":3,"featured_media":3850,"parent":0,"menu_order":0,"comment_status":"closed","ping_status":"closed","template":"","meta":{"footnotes":""},"class_list":["post-3997","page","type-page","status-publish","has-post-thumbnail","hentry"],"_links":{"self":[{"href":"https:\/\/www.hazotsara.com\/fr\/wp-json\/wp\/v2\/pages\/3997","targetHints":{"allow":["GET"]}}],"collection":[{"href":"https:\/\/www.hazotsara.com\/fr\/wp-json\/wp\/v2\/pages"}],"about":[{"href":"https:\/\/www.hazotsara.com\/fr\/wp-json\/wp\/v2\/types\/page"}],"author":[{"embeddable":true,"href":"https:\/\/www.hazotsara.com\/fr\/wp-json\/wp\/v2\/users\/3"}],"replies":[{"embeddable":true,"href":"https:\/\/www.hazotsara.com\/fr\/wp-json\/wp\/v2\/comments?post=3997"}],"version-history":[{"count":5,"href":"https:\/\/www.hazotsara.com\/fr\/wp-json\/wp\/v2\/pages\/3997\/revisions"}],"predecessor-version":[{"id":4127,"href":"https:\/\/www.hazotsara.com\/fr\/wp-json\/wp\/v2\/pages\/3997\/revisions\/4127"}],"wp:featuredmedia":[{"embeddable":true,"href":"https:\/\/www.hazotsara.com\/fr\/wp-json\/wp\/v2\/media\/3850"}],"wp:attachment":[{"href":"https:\/\/www.hazotsara.com\/fr\/wp-json\/wp\/v2\/media?parent=3997"}],"curies":[{"name":"wp","href":"https:\/\/api.w.org\/{rel}","templated":true}]}}