{"id":4022,"date":"2018-12-07T12:42:51","date_gmt":"2018-12-07T11:42:51","guid":{"rendered":"https:\/\/www.hazotsara.com\/?page_id=4022"},"modified":"2025-01-27T11:33:25","modified_gmt":"2025-01-27T10:33:25","slug":"conditions-de-vente","status":"publish","type":"page","link":"https:\/\/www.hazotsara.com\/fr\/conditions-de-vente\/","title":{"rendered":"Conditions de vente"},"content":{"rendered":"<div class=\"wpb-content-wrapper\"><p>[vc_row full_width=\u00a0\u00bbstretch_row\u00a0\u00bb add_container=\u00a0\u00bb\u00a0\u00bb css=\u00a0\u00bb.vc_custom_1533557407424{background-color: #f5f2ed !important;background-position: center !important;background-repeat: no-repeat !important;background-size: cover !important;}\u00a0\u00bb][vc_column width=\u00a0\u00bb1\/2&Prime;][vc_custom_heading text=\u00a0\u00bbPaiement des s\u00e9jours:\u00a0\u00bb font_container=\u00a0\u00bbtag:h3|text_align:center\u00a0\u00bb use_theme_fonts=\u00a0\u00bbyes\u00a0\u00bb][vc_separator color=\u00a0\u00bbcustom\u00a0\u00bb style=\u00a0\u00bbdotted\u00a0\u00bb accent_color=\u00a0\u00bb#9b804e\u00a0\u00bb][vc_column_text]Acompte de 50% \u00e0 la commande.<br \/>\nSolde 30 jours avant la date d&rsquo;arriv\u00e9e.<\/p>\n<p>Billet d&rsquo;avion:<\/p>\n<p>Solde de 100% \u00e0 la confirmation de la r\u00e9servation.[\/vc_column_text][vc_custom_heading text=\u00a0\u00bbAssurance:\u00a0\u00bb font_container=\u00a0\u00bbtag:h3|text_align:center\u00a0\u00bb use_theme_fonts=\u00a0\u00bbyes\u00a0\u00bb][vc_separator color=\u00a0\u00bbcustom\u00a0\u00bb style=\u00a0\u00bbdotted\u00a0\u00bb accent_color=\u00a0\u00bb#9b804e\u00a0\u00bb][vc_column_text]Afin d&rsquo;\u00e9viter des frais d&rsquo;annulation, il est possible de souscrire \u00e0 une assurance annulation.<br \/>\nCliquez ici pour t\u00e9l\u00e9charger le document d&rsquo;assurance avec AXA.[\/vc_column_text][\/vc_column][vc_column width=\u00a0\u00bb1\/2&Prime;][vc_custom_heading text=\u00a0\u00bbPolitique d&rsquo;annulation:<\/p>\n<p>\u00a0\u00bb font_container=\u00a0\u00bbtag:h3|text_align:center\u00a0\u00bb use_theme_fonts=\u00a0\u00bbyes\u00a0\u00bb][vc_separator color=\u00a0\u00bbcustom\u00a0\u00bb style=\u00a0\u00bbdotted\u00a0\u00bb accent_color=\u00a0\u00bb#9b804e\u00a0\u00bb][vc_column_text]<u><strong>Conditions d&rsquo;annulation:<br \/>\n<\/strong><\/u><\/p>\n<p>de la confirmation \u00e0 30 jours avant la date d&rsquo;arriv\u00e9e des clients: 30% du s\u00e9jour.<br \/>\nde 29 \u00e0 10 jours avant la date d&rsquo;arriv\u00e9e des clients: 50% du s\u00e9jour.<br \/>\n9 jours ou moins de 9 jours avant la date d&rsquo;arriv\u00e9e du client: 100% du s\u00e9jour.<\/p>\n<p><u><strong>Annulation pour les groupes (sauf indication contraire):<\/strong><\/u><\/p>\n<p>de la confirmation \u00e0 60 jours avant la date d&rsquo;arriv\u00e9e des clients: 10% du s\u00e9jour.<br \/>\nde 59 \u00e0 20 jours avant la date d&rsquo;arriv\u00e9e des clients: 50% du s\u00e9jour.<br \/>\n19 jours ou moins de 19 jours avant la date d&rsquo;arriv\u00e9e du client: 100% du s\u00e9jour.<\/p>\n<p><u><strong>Croisi\u00e8res:<\/strong><\/u><\/p>\n<p>de la confirmation \u00e0 30 jours avant la date d&rsquo;arriv\u00e9e des clients: 50% du s\u00e9jour.<br \/>\n&#8211; \u00e0 partir de 29 jours jusqu&rsquo;\u00e0 la date d&rsquo;arriv\u00e9e du client: 100% du s\u00e9jour.<\/p>\n<p><u><strong>Billets d&rsquo;avion:<\/strong><\/u><\/p>\n<p>100% des services vendus.[\/vc_column_text][\/vc_column][\/vc_row][vc_row full_width=\u00a0\u00bbstretch_row\u00a0\u00bb add_container=\u00a0\u00bb\u00a0\u00bb css=\u00a0\u00bb.vc_custom_1533040467041{background-color: #f5f2ed !important;background-position: center !important;background-repeat: no-repeat !important;background-size: cover !important;}\u00a0\u00bb][vc_column css=\u00a0\u00bb.vc_custom_1529410140884{margin-top: 50px !important;}\u00a0\u00bb]\r\n        <div class=\"valley-section-header  vc_custom_1529410669459  \">\r\n            <div\r\n                class=\"valley-section-header-wrapper\"\r\n                style=\"text-align: center\"\r\n            >\r\n                <div class=\"row\">\r\n\r\n                    <div class=\"col-md-12\">\r\n                        <!-- If subtitle show first  -->\r\n                                                                                    <div class=\"subtitle-wrapper\" style='\r\n                                    margin:;\r\n                                    padding:;\r\n                                    '>\r\n                                    <p class=\"st-ff-droid-serif\" style='\r\n                                        color:#67676b;\r\n                                        font-size:16px;\r\n                                        font-weight:400;\r\n                                        line-height:;\r\n                                        letter-spacing:;\r\n                                        font-style:italic;\r\n                                        '>\r\n                                        S\u00e9lection de nos tours les plus demand\u00e9s                                    <\/p>\r\n                                <\/div>\r\n                                                    \r\n\r\n                                                    <div class=\"title-wrapper\" style='\r\n                                margin:;\r\n                                padding:;\r\n                                '>\r\n                                <h2 class=\"st-ff-open-sans\" style='\r\n                                    color:#967945;\r\n                                    font-size:36px;\r\n                                    font-weight:700;\r\n                                    line-height:;\r\n                                    letter-spacing:;\r\n                                    text-transform:capitalize;\r\n                                    '>\r\n                                    TOURS &amp; NATURE                                <\/h2>\r\n                            <\/div>\r\n                        \r\n                        <!-- If seperator  -->\r\n                                                                            \r\n\r\n                        <!-- If subtitle not show first  -->\r\n                        \r\n\r\n\r\n                        \r\n                    <\/div>\r\n                    <!--                    end of \/.row-->\r\n                <\/div>\r\n                <!--                end of \/.valley-section-header-v2-->\r\n            <\/div>\r\n            <!--            end of \/.valley-section-header-wrapper-->\r\n        <\/div>\r\n        <!--        end of \/.valley-section-header-->\r\n\r\n        \r\n        <div class=\"adventure-list  \">\r\n            <div class=\"adventure-list-wrapper\">\r\n\r\n                                        <div class=\"col-md-4\">\r\n\r\n                            <div class=\"content-wrapper\">\r\n\r\n                                                                    <div class=\"thumbnail-wrapper\">\r\n                                        <div class=\"img-wrapper\">\r\n                                            <img loading=\"lazy\" decoding=\"async\" width=\"1920\" height=\"1280\" src=\"https:\/\/www.hazotsara.com\/media\/cameleon-branche.jpg\" class=\"attachment-full size-full wp-post-image\" alt=\"\" srcset=\"https:\/\/www.hazotsara.com\/media\/cameleon-branche.jpg 1920w, https:\/\/www.hazotsara.com\/media\/cameleon-branche-300x200.jpg 300w, https:\/\/www.hazotsara.com\/media\/cameleon-branche-768x512.jpg 768w, https:\/\/www.hazotsara.com\/media\/cameleon-branche-1024x683.jpg 1024w\" sizes=\"auto, (max-width: 1920px) 100vw, 1920px\" \/>                                        <\/div>\r\n                                    <\/div>\r\n                                                                <!-- end of \/.thumbnail-wrapper -->\r\n\r\n                                <div class=\"dest-content-wrapper\">\r\n                                    <h4 class=\"destination-title\">\r\n                                        <a href=\"https:\/\/www.hazotsara.com\/fr\/circuits\/itineraire-eco-responsable\/\">\r\n                                            Itin\u00e9raire \u00e9co responsable                                        <\/a>\r\n                                    <\/h4>\r\n                                    <!-- end of \/.destination-title -->\r\n                                    <div class=\"destination-place\">\r\n                                        <i class=\"fa fa-globe\"><\/i>\r\n                                                                <a href=\"https:\/\/www.hazotsara.com\/fr\/adventure_type\/durable\/\">\r\n                    Durable                <\/a>\r\n                                                                                                    <\/div>\r\n                                    <!-- end of \/.destination-price -->\r\n                                    <div class=\"destination-time\">\r\n                                        <span>\r\n                                            <i class=\"fa fa-clock-o\"> <\/i>\r\n                                            8 jours \/ 7 nuits                                        <\/span>\r\n                                    <\/div>\r\n                                    <!-- end of \/.destination-time -->\r\n                                    <div class=\"bottom-part\">\r\n                                        <p class=\"dest-price\">\r\n                                            \u00e0 partir de 670\u20ac                                        <\/p>\r\n                                        <p class=\"book-now-btn\">\r\n                                            <a href=\"https:\/\/www.hazotsara.com\/fr\/circuits\/itineraire-eco-responsable\/\">\r\n                                                R\u00e9servez                                            <\/a>\r\n                                        <\/p>\r\n                                    <\/div>\r\n                                    <!-- end of \/.bottom-part -->\r\n                                <\/div>\r\n                                <!-- end of \/.dest-content-wrapper -->\r\n                            <\/div>\r\n                            <!-- end of \/.content-wrapper -->\r\n\r\n                        <\/div>\r\n                                                                                            <div class=\"col-md-4\">\r\n\r\n                            <div class=\"content-wrapper\">\r\n\r\n                                                                    <div class=\"thumbnail-wrapper\">\r\n                                        <div class=\"img-wrapper\">\r\n                                            <img loading=\"lazy\" decoding=\"async\" width=\"1920\" height=\"1280\" src=\"https:\/\/www.hazotsara.com\/media\/enfants-camion.jpg\" class=\"attachment-full size-full wp-post-image\" alt=\"\" srcset=\"https:\/\/www.hazotsara.com\/media\/enfants-camion.jpg 1920w, https:\/\/www.hazotsara.com\/media\/enfants-camion-300x200.jpg 300w, https:\/\/www.hazotsara.com\/media\/enfants-camion-768x512.jpg 768w, https:\/\/www.hazotsara.com\/media\/enfants-camion-1024x683.jpg 1024w\" sizes=\"auto, (max-width: 1920px) 100vw, 1920px\" \/>                                        <\/div>\r\n                                    <\/div>\r\n                                                                <!-- end of \/.thumbnail-wrapper -->\r\n\r\n                                <div class=\"dest-content-wrapper\">\r\n                                    <h4 class=\"destination-title\">\r\n                                        <a href=\"https:\/\/www.hazotsara.com\/fr\/circuits\/andrahibe-nord-de-nosy-be\/\">\r\n                                            Andrahibe nord de Nosy                                        <\/a>\r\n                                    <\/h4>\r\n                                    <!-- end of \/.destination-title -->\r\n                                    <div class=\"destination-place\">\r\n                                        <i class=\"fa fa-globe\"><\/i>\r\n                                                                <a href=\"https:\/\/www.hazotsara.com\/fr\/adventure_type\/durable\/\">\r\n                    Durable                <\/a>\r\n                                                                                                    <\/div>\r\n                                    <!-- end of \/.destination-price -->\r\n                                    <div class=\"destination-time\">\r\n                                        <span>\r\n                                            <i class=\"fa fa-clock-o\"> <\/i>\r\n                                            Excursion \u00e0 la journ\u00e9e                                        <\/span>\r\n                                    <\/div>\r\n                                    <!-- end of \/.destination-time -->\r\n                                    <div class=\"bottom-part\">\r\n                                        <p class=\"dest-price\">\r\n                                            30\u20ac                                        <\/p>\r\n                                        <p class=\"book-now-btn\">\r\n                                            <a href=\"https:\/\/www.hazotsara.com\/fr\/circuits\/andrahibe-nord-de-nosy-be\/\">\r\n                                                R\u00e9servez                                            <\/a>\r\n                                        <\/p>\r\n                                    <\/div>\r\n                                    <!-- end of \/.bottom-part -->\r\n                                <\/div>\r\n                                <!-- end of \/.dest-content-wrapper -->\r\n                            <\/div>\r\n                            <!-- end of \/.content-wrapper -->\r\n\r\n                        <\/div>\r\n                                                                                            <div class=\"col-md-4\">\r\n\r\n                            <div class=\"content-wrapper\">\r\n\r\n                                                                    <div class=\"thumbnail-wrapper\">\r\n                                        <div class=\"img-wrapper\">\r\n                                            <img loading=\"lazy\" decoding=\"async\" width=\"1920\" height=\"1280\" src=\"https:\/\/www.hazotsara.com\/media\/akiba.jpg\" class=\"attachment-full size-full wp-post-image\" alt=\"\" srcset=\"https:\/\/www.hazotsara.com\/media\/akiba.jpg 1920w, https:\/\/www.hazotsara.com\/media\/akiba-300x200.jpg 300w, https:\/\/www.hazotsara.com\/media\/akiba-768x512.jpg 768w, https:\/\/www.hazotsara.com\/media\/akiba-1024x683.jpg 1024w\" sizes=\"auto, (max-width: 1920px) 100vw, 1920px\" \/>                                        <\/div>\r\n                                    <\/div>\r\n                                                                <!-- end of \/.thumbnail-wrapper -->\r\n\r\n                                <div class=\"dest-content-wrapper\">\r\n                                    <h4 class=\"destination-title\">\r\n                                        <a href=\"https:\/\/www.hazotsara.com\/fr\/circuits\/nosy-komba-et-akiba\/\">\r\n                                            Nosy Komba et Akiba                                        <\/a>\r\n                                    <\/h4>\r\n                                    <!-- end of \/.destination-title -->\r\n                                    <div class=\"destination-place\">\r\n                                        <i class=\"fa fa-globe\"><\/i>\r\n                                                                <a href=\"https:\/\/www.hazotsara.com\/fr\/adventure_type\/durable\/\">\r\n                    Durable                <\/a>\r\n                                                                                                    <\/div>\r\n                                    <!-- end of \/.destination-price -->\r\n                                    <div class=\"destination-time\">\r\n                                        <span>\r\n                                            <i class=\"fa fa-clock-o\"> <\/i>\r\n                                            Excursion \u00e0 la journ\u00e9e                                        <\/span>\r\n                                    <\/div>\r\n                                    <!-- end of \/.destination-time -->\r\n                                    <div class=\"bottom-part\">\r\n                                        <p class=\"dest-price\">\r\n                                            25\u20ac                                        <\/p>\r\n                                        <p class=\"book-now-btn\">\r\n                                            <a href=\"https:\/\/www.hazotsara.com\/fr\/circuits\/nosy-komba-et-akiba\/\">\r\n                                                R\u00e9servez                                            <\/a>\r\n                                        <\/p>\r\n                                    <\/div>\r\n                                    <!-- end of \/.bottom-part -->\r\n                                <\/div>\r\n                                <!-- end of \/.dest-content-wrapper -->\r\n                            <\/div>\r\n                            <!-- end of \/.content-wrapper -->\r\n\r\n                        <\/div>\r\n                                                                        <div class=\"clearfix\"><\/div>\r\n                                                        \r\n\r\n\r\n            <\/div>\r\n            <!-- end of adventure-list-wrapper -->\r\n        <\/div>\r\n        <!--        end of \/.adventure-list -->\r\n\r\n\r\n        [\/vc_column][\/vc_row]<\/p>\n<\/div>","protected":false},"excerpt":{"rendered":"<p>[vc_row full_width=\u00a0\u00bbstretch_row\u00a0\u00bb add_container=\u00a0\u00bb\u00a0\u00bb css=\u00a0\u00bb.vc_custom_1533557407424{background-color: #f5f2ed !important;background-position: center !important;background-repeat: no-repeat !important;background-size: cover !important;}\u00a0\u00bb][vc_column width=\u00a0\u00bb1\/2&Prime;][vc_custom_heading text=\u00a0\u00bbPaiement des s\u00e9jours:\u00a0\u00bb font_container=\u00a0\u00bbtag:h3|text_align:center\u00a0\u00bb use_theme_fonts=\u00a0\u00bbyes\u00a0\u00bb][vc_separator color=\u00a0\u00bbcustom\u00a0\u00bb style=\u00a0\u00bbdotted\u00a0\u00bb accent_color=\u00a0\u00bb#9b804e\u00a0\u00bb][vc_column_text]Acompte de 50% \u00e0 la commande. Solde 30 jours avant la date d&rsquo;arriv\u00e9e. Billet d&rsquo;avion: Solde de 100% \u00e0 la confirmation de la r\u00e9servation.[\/vc_column_text][vc_custom_heading text=\u00a0\u00bbAssurance:\u00a0\u00bb font_container=\u00a0\u00bbtag:h3|text_align:center\u00a0\u00bb use_theme_fonts=\u00a0\u00bbyes\u00a0\u00bb][vc_separator color=\u00a0\u00bbcustom\u00a0\u00bb style=\u00a0\u00bbdotted\u00a0\u00bb accent_color=\u00a0\u00bb#9b804e\u00a0\u00bb][vc_column_text]Afin d&rsquo;\u00e9viter des frais d&rsquo;annulation, il [&hellip;]<\/p>\n","protected":false},"author":3,"featured_media":3829,"parent":0,"menu_order":0,"comment_status":"closed","ping_status":"closed","template":"","meta":{"footnotes":""},"class_list":["post-4022","page","type-page","status-publish","has-post-thumbnail","hentry"],"_links":{"self":[{"href":"https:\/\/www.hazotsara.com\/fr\/wp-json\/wp\/v2\/pages\/4022","targetHints":{"allow":["GET"]}}],"collection":[{"href":"https:\/\/www.hazotsara.com\/fr\/wp-json\/wp\/v2\/pages"}],"about":[{"href":"https:\/\/www.hazotsara.com\/fr\/wp-json\/wp\/v2\/types\/page"}],"author":[{"embeddable":true,"href":"https:\/\/www.hazotsara.com\/fr\/wp-json\/wp\/v2\/users\/3"}],"replies":[{"embeddable":true,"href":"https:\/\/www.hazotsara.com\/fr\/wp-json\/wp\/v2\/comments?post=4022"}],"version-history":[{"count":5,"href":"https:\/\/www.hazotsara.com\/fr\/wp-json\/wp\/v2\/pages\/4022\/revisions"}],"predecessor-version":[{"id":4027,"href":"https:\/\/www.hazotsara.com\/fr\/wp-json\/wp\/v2\/pages\/4022\/revisions\/4027"}],"wp:featuredmedia":[{"embeddable":true,"href":"https:\/\/www.hazotsara.com\/fr\/wp-json\/wp\/v2\/media\/3829"}],"wp:attachment":[{"href":"https:\/\/www.hazotsara.com\/fr\/wp-json\/wp\/v2\/media?parent=4022"}],"curies":[{"name":"wp","href":"https:\/\/api.w.org\/{rel}","templated":true}]}}