{"id":4034,"date":"2018-12-08T05:49:46","date_gmt":"2018-12-08T04:49:46","guid":{"rendered":"https:\/\/www.hazotsara.com\/?page_id=4034"},"modified":"2025-01-27T11:36:12","modified_gmt":"2025-01-27T10:36:12","slug":"home-la-residence","status":"publish","type":"page","link":"https:\/\/www.hazotsara.com\/fr\/home-la-residence\/","title":{"rendered":"Home La R\u00e9sidence"},"content":{"rendered":"<div class=\"wpb-content-wrapper\"><p>[vc_row add_container=\u00a0\u00bb\u00a0\u00bb][vc_column width=\u00a0\u00bb1\/2&Prime;][vc_empty_space 0=\u00a0\u00bb\u00a0\u00bb][vc_single_image image=\u00a0\u00bb3019&Prime; img_size=\u00a0\u00bbfull\u00a0\u00bb][vc_empty_space 0=\u00a0\u00bb\u00a0\u00bb][\/vc_column][vc_column width=\u00a0\u00bb1\/2&Prime;][vc_empty_space height=\u00a0\u00bb64px\u00a0\u00bb][vc_column_text 0=\u00a0\u00bb\u00a0\u00bb]<\/p>\n<blockquote><p><strong>HOME Madagascar<\/strong> est situ\u00e9 \u00e0 15 km de l&rsquo;a\u00e9roport, au nord-ouest de Nosy-Be, \u00e0 c\u00f4t\u00e9 de la plage d&rsquo;Andilana, dans un environnement calme, exotique et s\u00e9curis\u00e9.<\/p>\n<p>Les villas sont discr\u00e8tement nich\u00e9es dans une for\u00eat vierge de 10 hectares, travers\u00e9e par une petite rivi\u00e8re et longeant une plage priv\u00e9e de 800 m\u00e8tres dans la baie de Befotaka, face \u00e0 l&rsquo;\u00eele de Nosy Fanihy.<\/p><\/blockquote>\n<p>[\/vc_column_text][vc_empty_space height=\u00a0\u00bb64px\u00a0\u00bb][\/vc_column][\/vc_row][vc_row full_width=\u00a0\u00bbstretch_row\u00a0\u00bb add_container=\u00a0\u00bb\u00a0\u00bb el_class=\u00a0\u00bbvalley-full-section-overlay-fixed\u00a0\u00bb css=\u00a0\u00bb.vc_custom_1534406505027{padding-top: 50px !important;padding-bottom: 100px !important;background-image: url(https:\/\/www.hazotsara.com\/media\/home-madagascar-restaurant-hdoi360-23.jpg?id=3037) !important;}\u00a0\u00bb][vc_column width=\u00a0\u00bb1\/4&Prime;][\/vc_column][vc_column width=\u00a0\u00bb1\/2&Prime;]\r\n        <div class=\"cta-v1   \" style='\r\n            background:;\r\n            '>\r\n            <div\r\n                class=\"cta-v1-wrapper\"\r\n                style=\"text-align: center\"\r\n            >\r\n                <div class=\"row\">\r\n\r\n                    <div class=\"col-md-12\" >\r\n\r\n\r\n                                                <!--                        end of \/.cta-v1-icon -->\r\n\r\n                            <div class=\"cta-v1-content\">\r\n\r\n                                                                    <div class=\"title-wrapper\" style='\r\n                                        margin:;\r\n                                        padding:;\r\n                                        '>\r\n                                        <h3 class=\"st-ff-open-sans\" style='\r\n                                            color:#ffffff;\r\n                                            font-size:36;\r\n                                            font-weight:700;\r\n                                            '>\r\n                                            Id\u00e9al pour les voyageurs                                        <\/h3>\r\n                                    <\/div>\r\n                                \r\n                                \r\n                                                                <div class=\"content-wrapper\">\r\n                                    <div class=\"content-section\" style='\r\n                                        color:#ffffff;\r\n                                        margin:;\r\n                                        padding:0px 0px 40px 0px;\r\n                                        font-size:;\r\n                                        line-height:;\r\n                                        '>\r\n                                        Compos\u00e9 de quinze villas neuves au design exclusif et minimaliste et de cinq appartements tr\u00e8s bien agenc\u00e9s.<\/p>\n<p>La formule parfaite pour les familles, les couples et les groupes d&rsquo;amis qui souhaitent \u00e9viter les h\u00f4tels classiques ou les gros villages touristiques.                                    <\/div>\r\n                                <\/div>\r\n                                \r\n                                                                    <div class=\"call-to-action\">\r\n                                                                                    <a\r\n                                                class=\"cta-button\"\r\n                                                href=\"https:\/\/home-the-residence.com\/it\/contatto\/\"\r\n                                                target=\"_blank\"\r\n                                                style=\"\r\n                                                    color:#424242;\r\n                                                    font-size:;\r\n                                                    text-transform:uppercase;\r\n                                                    font-weight:;\r\n                                                    background:#ffffff;\r\n                                                    padding:17px 30px;\r\n                                                    border:solid 1px white;\r\n                                                    border-radius:40px;\r\n                                                    \"\r\n                                            >\r\n                                                R\u00e9servez                                            <\/a>\r\n                                        \r\n                                        <!-- second button -->\r\n                                        \r\n\r\n                                    <\/div>\r\n                                \r\n                            <\/div>\r\n                            <!--                        end of \/.cta-v1-content-->\r\n\r\n\r\n                    <\/div>\r\n                    <!--                    end of \/.row-->\r\n                <\/div>\r\n                <!--                end of \/.cta-v1-v2-->\r\n            <\/div>\r\n            <!--            end of \/.cta-v1-wrapper-->\r\n        <\/div>\r\n        <!--        end of \/.cta-v1-->\r\n\r\n        [\/vc_column][vc_column width=\u00a0\u00bb1\/4&Prime;][\/vc_column][\/vc_row][vc_row add_container=\u00a0\u00bb\u00a0\u00bb][vc_column width=\u00a0\u00bb1\/2&Prime;][vc_empty_space 0=\u00a0\u00bb\u00a0\u00bb][vc_video link=\u00a0\u00bbhttps:\/\/youtu.be\/qfy_aUCnozo?rel=0&Prime;][vc_empty_space 0=\u00a0\u00bb\u00a0\u00bb][\/vc_column][vc_column width=\u00a0\u00bb1\/2&Prime;][vc_empty_space 0=\u00a0\u00bb\u00a0\u00bb][vc_column_text css=\u00a0\u00bb.vc_custom_1544244793322{padding-top: 50px !important;}\u00a0\u00bb][vc_row][vc_column width=\u00a0\u00bb1\/1&Prime;][vc_column_text]<\/p>\n<blockquote><p>Un concept innovant dans lequel classe et \u00e9l\u00e9gance coexistent en parfaite harmonie avec un tourisme responsable et \u00e9co-durable en offrant aux clients le meilleur moyen de d\u00e9couvrir Nosy-Be en toute libert\u00e9.<\/p><\/blockquote>\n<p>[\/vc_column_text][\/vc_column][\/vc_row][vc_row add_container=\u00a0\u00bb\u00a0\u00bb][vc_column][vc_gallery type=\u00a0\u00bbnivo\u00a0\u00bb interval=\u00a0\u00bb10&Prime; images=\u00a0\u00bb3084,3089,3088,3097,3087,3085,3096&Prime; img_size=\u00a0\u00bbfull\u00a0\u00bb][vc_empty_space][vc_separator color=\u00a0\u00bbchino\u00a0\u00bb el_width=\u00a0\u00bb50&Prime;][vc_empty_space]\r\n        <div class=\"valley-section-header  vc_custom_1544245332922  \">\r\n            <div\r\n                class=\"valley-section-header-wrapper\"\r\n                style=\"text-align: center\"\r\n            >\r\n                <div class=\"row\">\r\n\r\n                    <div class=\"col-md-12\">\r\n                        <!-- If subtitle show first  -->\r\n                                                                                    <div class=\"subtitle-wrapper\" style='\r\n                                    margin:;\r\n                                    padding:;\r\n                                    '>\r\n                                    <p class=\"st-ff-droid-serif\" style='\r\n                                        color:#67676b;\r\n                                        font-size:;\r\n                                        font-weight:;\r\n                                        line-height:;\r\n                                        letter-spacing:;\r\n                                        font-style:;\r\n                                        '>\r\n                                        Sport, Aventure, Responsable                                    <\/p>\r\n                                <\/div>\r\n                                                    \r\n\r\n                                                    <div class=\"title-wrapper\" style='\r\n                                margin:;\r\n                                padding:;\r\n                                '>\r\n                                <h2 class=\"st-ff-open-sans\" style='\r\n                                    color:#967945;\r\n                                    font-size:36px;\r\n                                    font-weight:;\r\n                                    line-height:;\r\n                                    letter-spacing:;\r\n                                    text-transform:capitalize;\r\n                                    '>\r\n                                    SUGGESTIONS DE VOYAGE                                <\/h2>\r\n                            <\/div>\r\n                        \r\n                        <!-- If seperator  -->\r\n                                                                            \r\n\r\n                        <!-- If subtitle not show first  -->\r\n                        \r\n\r\n\r\n                        \r\n                    <\/div>\r\n                    <!--                    end of \/.row-->\r\n                <\/div>\r\n                <!--                end of \/.valley-section-header-v2-->\r\n            <\/div>\r\n            <!--            end of \/.valley-section-header-wrapper-->\r\n        <\/div>\r\n        <!--        end of \/.valley-section-header-->\r\n\r\n        \r\n        <div class=\"adventure-list  \">\r\n            <div class=\"adventure-list-wrapper\">\r\n\r\n\r\n                                        <div class=\"col-md-4\">\r\n\r\n                            <div class=\"content-wrapper\">\r\n\r\n                                                                    <div class=\"thumbnail-wrapper\">\r\n                                        <div class=\"img-wrapper\">\r\n                                            <img loading=\"lazy\" decoding=\"async\" width=\"1920\" height=\"1280\" src=\"https:\/\/www.hazotsara.com\/media\/cameleon-branche.jpg\" class=\"attachment-full size-full wp-post-image\" alt=\"\" srcset=\"https:\/\/www.hazotsara.com\/media\/cameleon-branche.jpg 1920w, https:\/\/www.hazotsara.com\/media\/cameleon-branche-300x200.jpg 300w, https:\/\/www.hazotsara.com\/media\/cameleon-branche-768x512.jpg 768w, https:\/\/www.hazotsara.com\/media\/cameleon-branche-1024x683.jpg 1024w\" sizes=\"auto, (max-width: 1920px) 100vw, 1920px\" \/>                                        <\/div>\r\n                                    <\/div>\r\n                                                                <!-- end of \/.thumbnail-wrapper -->\r\n\r\n                                <div class=\"dest-content-wrapper\">\r\n                                    <h4 class=\"destination-title\">\r\n                                        <a href=\"https:\/\/www.hazotsara.com\/fr\/circuits\/itineraire-eco-responsable\/\">\r\n                                            Itin\u00e9raire \u00e9co responsable                                        <\/a>\r\n                                    <\/h4>\r\n                                    <!-- end of \/.destination-title -->\r\n                                    <div class=\"destination-place\">\r\n                                        <i class=\"fa fa-globe\"><\/i>\r\n                                                                <a href=\"https:\/\/www.hazotsara.com\/fr\/adventure_type\/durable\/\">\r\n                    Durable                <\/a>\r\n                                                                                                    <\/div>\r\n                                    <!-- end of \/.destination-price -->\r\n                                    <div class=\"destination-time\">\r\n                                        <span>\r\n                                            <i class=\"fa fa-clock-o\"> <\/i>\r\n                                            8 jours \/ 7 nuits                                        <\/span>\r\n                                    <\/div>\r\n                                    <!-- end of \/.destination-time -->\r\n                                    <div class=\"bottom-part\">\r\n                                        <p class=\"dest-price\">\r\n                                            \u00e0 partir de 670\u20ac                                        <\/p>\r\n                                        <p class=\"book-now-btn\">\r\n                                            <a href=\"https:\/\/www.hazotsara.com\/fr\/circuits\/itineraire-eco-responsable\/\">\r\n                                                R\u00e9servez                                            <\/a>\r\n                                        <\/p>\r\n                                    <\/div>\r\n                                    <!-- end of \/.bottom-part -->\r\n                                <\/div>\r\n                                <!-- end of \/.dest-content-wrapper -->\r\n                            <\/div>\r\n                            <!-- end of \/.content-wrapper -->\r\n\r\n                        <\/div>\r\n                                                                                            <div class=\"col-md-4\">\r\n\r\n                            <div class=\"content-wrapper\">\r\n\r\n                                                                    <div class=\"thumbnail-wrapper\">\r\n                                        <div class=\"img-wrapper\">\r\n                                            <img loading=\"lazy\" decoding=\"async\" width=\"1920\" height=\"1280\" src=\"https:\/\/www.hazotsara.com\/media\/kitesurf-diego.jpg\" class=\"attachment-full size-full wp-post-image\" alt=\"\" srcset=\"https:\/\/www.hazotsara.com\/media\/kitesurf-diego.jpg 1920w, https:\/\/www.hazotsara.com\/media\/kitesurf-diego-300x200.jpg 300w, https:\/\/www.hazotsara.com\/media\/kitesurf-diego-768x512.jpg 768w, https:\/\/www.hazotsara.com\/media\/kitesurf-diego-1024x683.jpg 1024w\" sizes=\"auto, (max-width: 1920px) 100vw, 1920px\" \/>                                        <\/div>\r\n                                    <\/div>\r\n                                                                <!-- end of \/.thumbnail-wrapper -->\r\n\r\n                                <div class=\"dest-content-wrapper\">\r\n                                    <h4 class=\"destination-title\">\r\n                                        <a href=\"https:\/\/www.hazotsara.com\/fr\/circuits\/aventure-kite-surf\/\">\r\n                                            Aventure &#038; Kite Surf                                        <\/a>\r\n                                    <\/h4>\r\n                                    <!-- end of \/.destination-title -->\r\n                                    <div class=\"destination-place\">\r\n                                        <i class=\"fa fa-globe\"><\/i>\r\n                                                                <a href=\"https:\/\/www.hazotsara.com\/fr\/adventure_type\/kite-surf-fr\/\">\r\n                    Kite Surf                <\/a>\r\n                                                                                                    <\/div>\r\n                                    <!-- end of \/.destination-price -->\r\n                                    <div class=\"destination-time\">\r\n                                        <span>\r\n                                            <i class=\"fa fa-clock-o\"> <\/i>\r\n                                            8 jours \/ 7nuits                                        <\/span>\r\n                                    <\/div>\r\n                                    <!-- end of \/.destination-time -->\r\n                                    <div class=\"bottom-part\">\r\n                                        <p class=\"dest-price\">\r\n                                            \u00e0 partir de 320\u20ac                                        <\/p>\r\n                                        <p class=\"book-now-btn\">\r\n                                            <a href=\"https:\/\/www.hazotsara.com\/fr\/circuits\/aventure-kite-surf\/\">\r\n                                                R\u00e9servez                                            <\/a>\r\n                                        <\/p>\r\n                                    <\/div>\r\n                                    <!-- end of \/.bottom-part -->\r\n                                <\/div>\r\n                                <!-- end of \/.dest-content-wrapper -->\r\n                            <\/div>\r\n                            <!-- end of \/.content-wrapper -->\r\n\r\n                        <\/div>\r\n                                                                                            <div class=\"col-md-4\">\r\n\r\n                            <div class=\"content-wrapper\">\r\n\r\n                                                                    <div class=\"thumbnail-wrapper\">\r\n                                        <div class=\"img-wrapper\">\r\n                                            <img loading=\"lazy\" decoding=\"async\" width=\"1920\" height=\"1280\" src=\"https:\/\/www.hazotsara.com\/media\/vanille-sambava.jpg\" class=\"attachment-full size-full wp-post-image\" alt=\"\" srcset=\"https:\/\/www.hazotsara.com\/media\/vanille-sambava.jpg 1920w, https:\/\/www.hazotsara.com\/media\/vanille-sambava-300x200.jpg 300w, https:\/\/www.hazotsara.com\/media\/vanille-sambava-768x512.jpg 768w, https:\/\/www.hazotsara.com\/media\/vanille-sambava-1024x683.jpg 1024w\" sizes=\"auto, (max-width: 1920px) 100vw, 1920px\" \/>                                        <\/div>\r\n                                    <\/div>\r\n                                                                <!-- end of \/.thumbnail-wrapper -->\r\n\r\n                                <div class=\"dest-content-wrapper\">\r\n                                    <h4 class=\"destination-title\">\r\n                                        <a href=\"https:\/\/www.hazotsara.com\/fr\/circuits\/la-cote-de-la-vanille\/\">\r\n                                            La c\u00f4te vanille                                        <\/a>\r\n                                    <\/h4>\r\n                                    <!-- end of \/.destination-title -->\r\n                                    <div class=\"destination-place\">\r\n                                        <i class=\"fa fa-globe\"><\/i>\r\n                                                                <a href=\"https:\/\/www.hazotsara.com\/fr\/adventure_type\/circuits-nature\/\">\r\n                    Circuits &amp; nature                <\/a>\r\n                                                                                                    <\/div>\r\n                                    <!-- end of \/.destination-price -->\r\n                                    <div class=\"destination-time\">\r\n                                        <span>\r\n                                            <i class=\"fa fa-clock-o\"> <\/i>\r\n                                            11 jours, 10 nuits                                        <\/span>\r\n                                    <\/div>\r\n                                    <!-- end of \/.destination-time -->\r\n                                    <div class=\"bottom-part\">\r\n                                        <p class=\"dest-price\">\r\n                                            \u00e0 partir de 1560\u20ac                                        <\/p>\r\n                                        <p class=\"book-now-btn\">\r\n                                            <a href=\"https:\/\/www.hazotsara.com\/fr\/circuits\/la-cote-de-la-vanille\/\">\r\n                                                R\u00e9servez                                            <\/a>\r\n                                        <\/p>\r\n                                    <\/div>\r\n                                    <!-- end of \/.bottom-part -->\r\n                                <\/div>\r\n                                <!-- end of \/.dest-content-wrapper -->\r\n                            <\/div>\r\n                            <!-- end of \/.content-wrapper -->\r\n\r\n                        <\/div>\r\n                                                                        <div class=\"clearfix\"><\/div>\r\n                                                        \r\n            <\/div>\r\n            <!-- end of adventure-list-wrapper -->\r\n        <\/div>\r\n        <!--        end of \/.adventure-list -->\r\n\r\n\r\n        [\/vc_column][\/vc_row]<\/p>\n<\/div>","protected":false},"excerpt":{"rendered":"<p>[vc_row add_container=\u00a0\u00bb\u00a0\u00bb][vc_column width=\u00a0\u00bb1\/2&Prime;][vc_empty_space 0=\u00a0\u00bb\u00a0\u00bb][vc_single_image image=\u00a0\u00bb3019&Prime; img_size=\u00a0\u00bbfull\u00a0\u00bb][vc_empty_space 0=\u00a0\u00bb\u00a0\u00bb][\/vc_column][vc_column width=\u00a0\u00bb1\/2&Prime;][vc_empty_space height=\u00a0\u00bb64px\u00a0\u00bb][vc_column_text 0=\u00a0\u00bb\u00a0\u00bb] HOME Madagascar est situ\u00e9 \u00e0 15 km de l&rsquo;a\u00e9roport, au nord-ouest de Nosy-Be, \u00e0 c\u00f4t\u00e9 de la plage d&rsquo;Andilana, dans un environnement calme, exotique et s\u00e9curis\u00e9. Les villas sont discr\u00e8tement nich\u00e9es dans une for\u00eat vierge de 10 hectares, travers\u00e9e par une petite rivi\u00e8re et longeant [&hellip;]<\/p>\n","protected":false},"author":3,"featured_media":3916,"parent":0,"menu_order":0,"comment_status":"closed","ping_status":"closed","template":"","meta":{"footnotes":""},"class_list":["post-4034","page","type-page","status-publish","has-post-thumbnail","hentry"],"_links":{"self":[{"href":"https:\/\/www.hazotsara.com\/fr\/wp-json\/wp\/v2\/pages\/4034","targetHints":{"allow":["GET"]}}],"collection":[{"href":"https:\/\/www.hazotsara.com\/fr\/wp-json\/wp\/v2\/pages"}],"about":[{"href":"https:\/\/www.hazotsara.com\/fr\/wp-json\/wp\/v2\/types\/page"}],"author":[{"embeddable":true,"href":"https:\/\/www.hazotsara.com\/fr\/wp-json\/wp\/v2\/users\/3"}],"replies":[{"embeddable":true,"href":"https:\/\/www.hazotsara.com\/fr\/wp-json\/wp\/v2\/comments?post=4034"}],"version-history":[{"count":5,"href":"https:\/\/www.hazotsara.com\/fr\/wp-json\/wp\/v2\/pages\/4034\/revisions"}],"predecessor-version":[{"id":4037,"href":"https:\/\/www.hazotsara.com\/fr\/wp-json\/wp\/v2\/pages\/4034\/revisions\/4037"}],"wp:featuredmedia":[{"embeddable":true,"href":"https:\/\/www.hazotsara.com\/fr\/wp-json\/wp\/v2\/media\/3916"}],"wp:attachment":[{"href":"https:\/\/www.hazotsara.com\/fr\/wp-json\/wp\/v2\/media?parent=4034"}],"curies":[{"name":"wp","href":"https:\/\/api.w.org\/{rel}","templated":true}]}}