{"id":4061,"date":"2018-12-08T07:41:32","date_gmt":"2018-12-08T06:41:32","guid":{"rendered":"https:\/\/www.hazotsara.com\/?page_id=4061"},"modified":"2025-01-27T11:34:26","modified_gmt":"2025-01-27T10:34:26","slug":"mentions-legales","status":"publish","type":"page","link":"https:\/\/www.hazotsara.com\/fr\/mentions-legales\/","title":{"rendered":"Mentions L\u00e9gales"},"content":{"rendered":"<div class=\"wpb-content-wrapper\"><p>[vc_row full_width=\u00a0\u00bbstretch_row\u00a0\u00bb add_container=\u00a0\u00bb\u00a0\u00bb css=\u00a0\u00bb.vc_custom_1533034152017{background-color: #f5f2ed !important;background-position: center !important;background-repeat: no-repeat !important;background-size: cover !important;}\u00a0\u00bb][vc_column css=\u00a0\u00bb.vc_custom_1529410140884{margin-top: 50px !important;}\u00a0\u00bb]\r\n        <div class=\"valley-section-header  vc_custom_1544264103262  \">\r\n            <div\r\n                class=\"valley-section-header-wrapper\"\r\n                style=\"text-align: center\"\r\n            >\r\n                <div class=\"row\">\r\n\r\n                    <div class=\"col-md-12\">\r\n                        <!-- If subtitle show first  -->\r\n                                                                                    <div class=\"subtitle-wrapper\" style='\r\n                                    margin:;\r\n                                    padding:;\r\n                                    '>\r\n                                    <p class=\"st-ff-droid-serif\" style='\r\n                                        color:#67676b;\r\n                                        font-size:16px;\r\n                                        font-weight:400;\r\n                                        line-height:;\r\n                                        letter-spacing:;\r\n                                        font-style:italic;\r\n                                        '>\r\n                                        Cookies, Vie priv\u00e9e...                                    <\/p>\r\n                                <\/div>\r\n                                                    \r\n\r\n                                                    <div class=\"title-wrapper\" style='\r\n                                margin:;\r\n                                padding:;\r\n                                '>\r\n                                <h2 class=\"st-ff-open-sans\" style='\r\n                                    color:#967945;\r\n                                    font-size:36px;\r\n                                    font-weight:700;\r\n                                    line-height:;\r\n                                    letter-spacing:;\r\n                                    text-transform:capitalize;\r\n                                    '>\r\n                                    Politique de confidentialit\u00e9                                <\/h2>\r\n                            <\/div>\r\n                        \r\n                        <!-- If seperator  -->\r\n                                                                            \r\n\r\n                        <!-- If subtitle not show first  -->\r\n                        \r\n\r\n\r\n                        \r\n                    <\/div>\r\n                    <!--                    end of \/.row-->\r\n                <\/div>\r\n                <!--                end of \/.valley-section-header-v2-->\r\n            <\/div>\r\n            <!--            end of \/.valley-section-header-wrapper-->\r\n        <\/div>\r\n        <!--        end of \/.valley-section-header-->\r\n\r\n        [\/vc_column][\/vc_row][vc_row full_width=\u00a0\u00bbstretch_row\u00a0\u00bb add_container=\u00a0\u00bb\u00a0\u00bb css=\u00a0\u00bb.vc_custom_1533034201244{background-color: #f5f2ed !important;background-position: center !important;background-repeat: no-repeat !important;background-size: cover !important;}\u00a0\u00bb][vc_column width=\u00a0\u00bb1\/2&Prime;][vc_custom_heading text=\u00a0\u00bbCadre juridique \u2013 conformit\u00e9 au RGPD:\u00a0\u00bb font_container=\u00a0\u00bbtag:h3|text_align:left\u00a0\u00bb use_theme_fonts=\u00a0\u00bbyes\u00a0\u00bb][vc_separator color=\u00a0\u00bbcustom\u00a0\u00bb style=\u00a0\u00bbdotted\u00a0\u00bb accent_color=\u00a0\u00bb#9b804e\u00a0\u00bb][vc_column_text]Cette politique de confidentialit\u00e9 s\u2019applique \u00e0 l\u2019utilisation du site internet www.hazotsara.com dans le but de vous aider \u00e0 comprendre comment est trait\u00e9e l\u2019information dans le cadre de l\u2019utilisation de ce site.<\/p>\n<p>Nous effectuons des traitements de donn\u00e9es personnelles conform\u00e9ment au r\u00e8glement (UE) 2016\/679 du Parlement europ\u00e9en et du Conseil du 27 avril 2016, relatif \u00e0 la protection des personnes physiques \u00e0 l\u2019\u00e9gard du traitement des donn\u00e9es \u00e0 caract\u00e8re personnel et \u00e0 la libre circulation de ces donn\u00e9es (ci-apr\u00e8s d\u00e9sign\u00e9 le RGPD) et \u00e0 loi fran\u00e7aise n\u00b0 78-17 du 6 janvier 1978 relative \u00e0 l\u2019informatique, aux fichiers et aux libert\u00e9s (modifi\u00e9e).[\/vc_column_text][vc_custom_heading text=\u00a0\u00bbCookies\u00a0\u00bb font_container=\u00a0\u00bbtag:h3|text_align:left\u00a0\u00bb use_theme_fonts=\u00a0\u00bbyes\u00a0\u00bb][vc_separator color=\u00a0\u00bbcustom\u00a0\u00bb style=\u00a0\u00bbdotted\u00a0\u00bb accent_color=\u00a0\u00bb#9b804e\u00a0\u00bb][vc_column_text]Si vous d\u00e9posez un commentaire sur notre site, il vous sera propos\u00e9 d\u2019enregistrer votre nom, adresse de messagerie et site web dans des cookies. C\u2019est uniquement pour votre confort afin de ne pas avoir \u00e0 saisir ces informations si vous d\u00e9posez un autre commentaire plus tard. Ces cookies expirent au bout d\u2019un an.<\/p>\n<p>Si vous avez un compte et que vous vous connectez sur ce site, un cookie temporaire sera cr\u00e9\u00e9 afin de d\u00e9terminer si votre navigateur accepte les cookies. Il ne contient pas de donn\u00e9es personnelles et sera supprim\u00e9 automatiquement \u00e0 la fermeture de votre navigateur.<\/p>\n<p>Lorsque vous vous connecterez, nous mettrons en place un certain nombre de cookies pour enregistrer vos informations de connexion et vos pr\u00e9f\u00e9rences d\u2019\u00e9cran. La dur\u00e9e de vie d\u2019un cookie de connexion est de deux jours, celle d\u2019un cookie d\u2019option d\u2019\u00e9cran est d\u2019un an. Si vous cochez \u00ab Se souvenir de moi \u00bb, votre cookie de connexion sera conserv\u00e9 pendant deux semaines. Si vous vous d\u00e9connectez de votre compte, le cookie de connexion sera effac\u00e9.<\/p>\n<p>En modifiant ou en publiant un article, un cookie suppl\u00e9mentaire sera enregistr\u00e9 dans votre navigateur. Ce cookie ne comprend aucune donn\u00e9e personnelle. Il indique simplement l\u2019identifiant de l\u2019article que vous venez de modifier. Il expire au bout d\u2019un jour.[\/vc_column_text][vc_custom_heading text=\u00a0\u00bbDur\u00e9e de vie d\u2019un Cookie:\u00a0\u00bb font_container=\u00a0\u00bbtag:h3|text_align:left\u00a0\u00bb use_theme_fonts=\u00a0\u00bbyes\u00a0\u00bb][vc_separator color=\u00a0\u00bbcustom\u00a0\u00bb style=\u00a0\u00bbdotted\u00a0\u00bb accent_color=\u00a0\u00bb#9b804e\u00a0\u00bb][vc_column_text]La loi impose aux cookies une dur\u00e9e de vie maximale de 13 mois maximum, sur notre site la dur\u00e9e de vie d\u2019un cookie avant expiration est de 30 jours.<br \/>\nVous pouvez \u00e0 tout moment exprimer et modifier vos souhaits en mati\u00e8re de cookies, par les moyens d\u00e9crits ci-dessous.<br \/>\n<strong>1. Les choix offerts par votre logiciel de navigation<\/strong><br \/>\nVous pouvez configurer votre logiciel de navigation de mani\u00e8re \u00e0 ce que des cookies soient enregistr\u00e9s dans votre terminal ou, au contraire, qu\u2019ils soient rejet\u00e9s, soit syst\u00e9matiquement, soit selon leur \u00e9metteur.<br \/>\nVous pouvez \u00e9galement configurer votre logiciel de navigation de mani\u00e8re \u00e0 ce que l\u2019acceptation ou le refus des cookies vous soient propos\u00e9s ponctuellement, avant qu\u2019un cookie soit susceptible d\u2019\u00eatre enregistr\u00e9 dans votre terminal.<br \/>\nPour plus d\u2019informations, consultez la rubrique \u00ab Comment exercer vos choix selon le navigateur que vous utilisez \u00bb ci-dessous.<br \/>\n<strong>2. Le consentement sur les cookies<\/strong><br \/>\nL\u2019enregistrement d\u2019un cookie dans un terminal est essentiellement subordonn\u00e9 \u00e0 la volont\u00e9 de l\u2019utilisateur du terminal, que celui-ci peut exprimer et modifier \u00e0 tout moment et gratuitement \u00e0 travers les choix qui lui sont offerts par son logiciel de navigation.<br \/>\nSi vous avez accept\u00e9 dans votre logiciel de navigation l\u2019enregistrement de cookies dans votre terminal, les cookies int\u00e9gr\u00e9s dans les pages et contenus que vous avez consult\u00e9s pourront \u00eatre stock\u00e9s temporairement dans un espace d\u00e9di\u00e9 de votre terminal. Ils y seront lisibles uniquement par leur \u00e9metteur.<br \/>\n<strong>3. Le refus des cookies<\/strong><br \/>\nSi vous refusez l\u2019enregistrement de cookies dans votre terminal, ou si vous supprimez ceux qui y sont enregistr\u00e9s, vous ne pourrez plus b\u00e9n\u00e9ficier d\u2019un certain nombre de fonctionnalit\u00e9s qui sont n\u00e9anmoins n\u00e9cessaires pour naviguer dans certains espaces de notre site.<br \/>\n<strong>4. Comment exercer vos choix selon le navigateur que vous utilisez<\/strong><br \/>\nPour la gestion des cookies et de vos choix, la configuration de chaque navigateur est diff\u00e9rente. Elle est d\u00e9crite dans le menu d\u2019aide de votre navigateur, qui vous permettra de savoir de quelle mani\u00e8re modifier vos souhaits en mati\u00e8re de cookies.[\/vc_column_text][vc_custom_heading text=\u00a0\u00bbPhotographies\u00a0\u00bb font_container=\u00a0\u00bbtag:h3|text_align:left\u00a0\u00bb use_theme_fonts=\u00a0\u00bbyes\u00a0\u00bb][vc_separator color=\u00a0\u00bbcustom\u00a0\u00bb style=\u00a0\u00bbdotted\u00a0\u00bb accent_color=\u00a0\u00bb#9b804e\u00a0\u00bb][vc_column_text]Les photographies que vous trouverez sur ce site sont prot\u00e9g\u00e9es et sous licence conform\u00e9ment \u00e0 l\u2019article L112-1 du Code la propri\u00e9t\u00e9 intellectuelle.[\/vc_column_text][\/vc_column][vc_column width=\u00a0\u00bb1\/2&Prime;][vc_custom_heading text=\u00a0\u00bbDur\u00e9es de stockage de vos donn\u00e9es\u00a0\u00bb font_container=\u00a0\u00bbtag:h3|text_align:left\u00a0\u00bb use_theme_fonts=\u00a0\u00bbyes\u00a0\u00bb][vc_separator color=\u00a0\u00bbcustom\u00a0\u00bb style=\u00a0\u00bbdotted\u00a0\u00bb accent_color=\u00a0\u00bb#9b804e\u00a0\u00bb][vc_column_text]Si vous laissez un commentaire, le commentaire et ses m\u00e9tadonn\u00e9es sont conserv\u00e9s ind\u00e9finiment. Cela permet de reconna\u00eetre et approuver automatiquement les commentaires suivants au lieu de les laisser dans la file de mod\u00e9ration.<\/p>\n<p>Pour les utilisateurs et utilisatrices qui s\u2019enregistrent sur notre site (si cela est possible), nous stockons \u00e9galement les donn\u00e9es personnelles indiqu\u00e9es dans leur profil. Tous les utilisateurs et utilisatrices peuvent voir, modifier ou supprimer leurs informations personnelles \u00e0 tout moment (\u00e0 l\u2019exception de leur nom d\u2019utilisateur\u00b7ice). Les gestionnaires du site peuvent aussi voir et modifier ces informations.<\/p>\n<p>La dur\u00e9e de conservation des donn\u00e9es priv\u00e9es dans notre base de donn\u00e9es et nos fichiers \u00e0 une limite maximale de 3 ans, pass\u00e9 cette date, les informations que vous nous aurez envoy\u00e9es seront d\u00e9truites.[\/vc_column_text][vc_custom_heading text=\u00a0\u00bbContenu embarqu\u00e9 depuis d\u2019autres sites\u00a0\u00bb font_container=\u00a0\u00bbtag:h3|text_align:left\u00a0\u00bb use_theme_fonts=\u00a0\u00bbyes\u00a0\u00bb][vc_separator color=\u00a0\u00bbcustom\u00a0\u00bb style=\u00a0\u00bbdotted\u00a0\u00bb accent_color=\u00a0\u00bb#9b804e\u00a0\u00bb][vc_column_text]Les articles de ce site peuvent inclure des contenus int\u00e9gr\u00e9s (par exemple des vid\u00e9os, images, articles\u2026). Le contenu int\u00e9gr\u00e9 depuis d\u2019autres sites se comporte de la m\u00eame mani\u00e8re que si le visiteur se rendait sur cet autre site.<\/p>\n<p>Ces sites web pourraient collecter des donn\u00e9es sur vous, utiliser des cookies, embarquer des outils de suivis tiers, suivre vos interactions avec ces contenus embarqu\u00e9s si vous disposez d\u2019un compte connect\u00e9 sur leur site web.[\/vc_column_text][vc_custom_heading text=\u00a0\u00bbLes droits que vous avez sur vos donn\u00e9es\u00a0\u00bb font_container=\u00a0\u00bbtag:h3|text_align:left\u00a0\u00bb use_theme_fonts=\u00a0\u00bbyes\u00a0\u00bb][vc_separator color=\u00a0\u00bbcustom\u00a0\u00bb style=\u00a0\u00bbdotted\u00a0\u00bb accent_color=\u00a0\u00bb#9b804e\u00a0\u00bb][vc_column_text]Si vous avez un compte ou si vous avez laiss\u00e9 des commentaires sur le site, vous pouvez demander \u00e0 recevoir un fichier contenant toutes les donn\u00e9es personnelles que nous poss\u00e9dons \u00e0 votre sujet, incluant celles que vous nous avez fournies. Vous pouvez \u00e9galement demander la suppression des donn\u00e9es personnelles vous concernant. Cela ne prend pas en compte les donn\u00e9es stock\u00e9es \u00e0 des fins administratives, l\u00e9gales ou pour des raisons de s\u00e9curit\u00e9.<\/p>\n<p>La personne dont les donn\u00e9es personnelles sont collect\u00e9es a le droit :<br \/>\n\u2013 de demander au responsable du traitement l\u2019acc\u00e8s aux donn\u00e9es \u00e0 caract\u00e8re personnel, la rectifi\u00accation ou l\u2019effacement de celles-ci, ou une limitation du traitement relatif \u00e0 la personne concern\u00e9e,<br \/>\n\u2013 de s\u2019opposer au traitement,<br \/>\n\u2013 \u00e0 la portabilit\u00e9 de ses donn\u00e9es,<br \/>\n\u2013 d\u2019introduire une r\u00e9clamation aupr\u00e8s d\u2019une autorit\u00e9 de contr\u00f4le,<br \/>\n\u2013 de retirer son consentement \u00e0 tout moment, sans porter atteinte \u00e0 la lic\u00e9it\u00e9 du traitement fond\u00e9 sur le consentement effectu\u00e9 avant le retrait de celui-ci, ce droit existant exclusivement lorsque le traitement est fond\u00e9 sur l\u2019article 6, paragraphe 1, point a), ou sur l\u2019article 9, paragraphe 2, point a) du RGPD, c\u2019est-\u00e0-dire sur le consentement de la personne concern\u00e9e au traitement de ses donn\u00e9es \u00e0 caract\u00e8re personnel pour une ou plusieurs finalit\u00e9s sp\u00e9cifiques.<br \/>\nS\u00e9curit\u00e9 :<br \/>\nNous suivons les normes reconnues de l\u2019industrie pour prot\u00e9ger les renseignements personnels que vous nous avez fournis. Toutefois, aucune m\u00e9thode de stockage \u00e9lectronique ne peut jamais \u00eatre s\u00fbre \u00e0 100%.<br \/>\nPar cons\u00e9quent, nous ne sommes pas en mesure de garantir la s\u00e9curit\u00e9 absolue de vos donn\u00e9es.<br \/>\nVous pouvez soumettre toute question que vous pourriez avoir sur nos proc\u00e9dures de s\u00e9curit\u00e9 en nous \u00e9crivant \u00e0 info@hazotsara.com.<br \/>\nLiens vers d\u2019autres sites :<br \/>\nCe site peut contenir des liens vers d\u2019autres sites qui ne sont pas contr\u00f4l\u00e9s en aucune fa\u00e7on par nous, nous ne sommes pas responsables des pratiques de confidentialit\u00e9 et politiques de tout autre site internet que le n\u00f4tre.<br \/>\nPar cons\u00e9quent, nous vous sugg\u00e9rons fortement de lire la politique de chaque site que vous visitez.<\/p>\n<p>Nous nous r\u00e9servons le droit de divulguer vos renseignements personnels conform\u00e9ment \u00e0 la loi et quand nous croyons que la divulgation est n\u00e9cessaire pour prot\u00e9ger nos droits et\/ou de se conformer \u00e0 une proc\u00e9dure judiciaire ou une ordonnance du tribunal.[\/vc_column_text][vc_custom_heading text=\u00a0\u00bbDroits de propri\u00e9t\u00e9 intellectuelle\u00a0\u00bb font_container=\u00a0\u00bbtag:h3|text_align:left\u00a0\u00bb use_theme_fonts=\u00a0\u00bbyes\u00a0\u00bb][vc_separator color=\u00a0\u00bbcustom\u00a0\u00bb style=\u00a0\u00bbdotted\u00a0\u00bb accent_color=\u00a0\u00bb#9b804e\u00a0\u00bb][vc_column_text]Les \u00e9l\u00e9ments qui composent notre site www.hazotsara.com sont la propri\u00e9t\u00e9 exclusive de HAZOTSARA TOUR MADAGASCAR. Toute reproduction partielle ou totale des composants, photos, textes de notre site internet est strictement interdit et sont prot\u00e9g\u00e9s par la l\u00e9gislation internationale sur le copyright, le droit d\u2019auteur et la propri\u00e9t\u00e9 intellectuelle.[\/vc_column_text][vc_custom_heading text=\u00a0\u00bbConception du site internet\u00a0\u00bb font_container=\u00a0\u00bbtag:h3|text_align:left\u00a0\u00bb use_theme_fonts=\u00a0\u00bbyes\u00a0\u00bb][vc_separator color=\u00a0\u00bbcustom\u00a0\u00bb style=\u00a0\u00bbdotted\u00a0\u00bb accent_color=\u00a0\u00bb#9b804e\u00a0\u00bb][vc_column_text]L\u2019adresse de notre site Web est : https:\/\/www.hazotsara.com.<br \/>\nPropri\u00e9taire: Laura Marchetti.<br \/>\nWebmaster : fleoprod@fleoprod.com.[\/vc_column_text][\/vc_column][\/vc_row]<\/p>\n<\/div>","protected":false},"excerpt":{"rendered":"<p>[vc_row full_width=\u00a0\u00bbstretch_row\u00a0\u00bb add_container=\u00a0\u00bb\u00a0\u00bb css=\u00a0\u00bb.vc_custom_1533034152017{background-color: #f5f2ed !important;background-position: center !important;background-repeat: no-repeat !important;background-size: cover !important;}\u00a0\u00bb][vc_column css=\u00a0\u00bb.vc_custom_1529410140884{margin-top: 50px !important;}\u00a0\u00bb][\/vc_column][\/vc_row][vc_row full_width=\u00a0\u00bbstretch_row\u00a0\u00bb add_container=\u00a0\u00bb\u00a0\u00bb css=\u00a0\u00bb.vc_custom_1533034201244{background-color: #f5f2ed !important;background-position: center !important;background-repeat: no-repeat !important;background-size: cover !important;}\u00a0\u00bb][vc_column width=\u00a0\u00bb1\/2&Prime;][vc_custom_heading text=\u00a0\u00bbCadre juridique \u2013 conformit\u00e9 au RGPD:\u00a0\u00bb font_container=\u00a0\u00bbtag:h3|text_align:left\u00a0\u00bb use_theme_fonts=\u00a0\u00bbyes\u00a0\u00bb][vc_separator color=\u00a0\u00bbcustom\u00a0\u00bb style=\u00a0\u00bbdotted\u00a0\u00bb accent_color=\u00a0\u00bb#9b804e\u00a0\u00bb][vc_column_text]Cette politique de confidentialit\u00e9 s\u2019applique \u00e0 l\u2019utilisation du site internet www.hazotsara.com dans le but de vous aider \u00e0 [&hellip;]<\/p>\n","protected":false},"author":3,"featured_media":3816,"parent":0,"menu_order":0,"comment_status":"closed","ping_status":"closed","template":"","meta":{"footnotes":""},"class_list":["post-4061","page","type-page","status-publish","has-post-thumbnail","hentry"],"_links":{"self":[{"href":"https:\/\/www.hazotsara.com\/fr\/wp-json\/wp\/v2\/pages\/4061","targetHints":{"allow":["GET"]}}],"collection":[{"href":"https:\/\/www.hazotsara.com\/fr\/wp-json\/wp\/v2\/pages"}],"about":[{"href":"https:\/\/www.hazotsara.com\/fr\/wp-json\/wp\/v2\/types\/page"}],"author":[{"embeddable":true,"href":"https:\/\/www.hazotsara.com\/fr\/wp-json\/wp\/v2\/users\/3"}],"replies":[{"embeddable":true,"href":"https:\/\/www.hazotsara.com\/fr\/wp-json\/wp\/v2\/comments?post=4061"}],"version-history":[{"count":5,"href":"https:\/\/www.hazotsara.com\/fr\/wp-json\/wp\/v2\/pages\/4061\/revisions"}],"predecessor-version":[{"id":4141,"href":"https:\/\/www.hazotsara.com\/fr\/wp-json\/wp\/v2\/pages\/4061\/revisions\/4141"}],"wp:featuredmedia":[{"embeddable":true,"href":"https:\/\/www.hazotsara.com\/fr\/wp-json\/wp\/v2\/media\/3816"}],"wp:attachment":[{"href":"https:\/\/www.hazotsara.com\/fr\/wp-json\/wp\/v2\/media?parent=4061"}],"curies":[{"name":"wp","href":"https:\/\/api.w.org\/{rel}","templated":true}]}}