{"id":4064,"date":"2018-12-08T07:56:43","date_gmt":"2018-12-08T06:56:43","guid":{"rendered":"https:\/\/www.hazotsara.com\/?page_id=4064"},"modified":"2025-01-27T11:38:01","modified_gmt":"2025-01-27T10:38:01","slug":"madagascar","status":"publish","type":"page","link":"https:\/\/www.hazotsara.com\/fr\/madagascar\/","title":{"rendered":"Madagascar"},"content":{"rendered":"<div class=\"wpb-content-wrapper\"><p>[vc_row full_width=\u00a0\u00bbstretch_row\u00a0\u00bb add_container=\u00a0\u00bb\u00a0\u00bb css=\u00a0\u00bb.vc_custom_1533034152017{background-color: #f5f2ed !important;background-position: center !important;background-repeat: no-repeat !important;background-size: cover !important;}\u00a0\u00bb][vc_column css=\u00a0\u00bb.vc_custom_1529410140884{margin-top: 50px !important;}\u00a0\u00bb]\r\n        <div class=\"valley-section-header  vc_custom_1544251821316  \">\r\n            <div\r\n                class=\"valley-section-header-wrapper\"\r\n                style=\"text-align: center\"\r\n            >\r\n                <div class=\"row\">\r\n\r\n                    <div class=\"col-md-12\">\r\n                        <!-- If subtitle show first  -->\r\n                                                                                    <div class=\"subtitle-wrapper\" style='\r\n                                    margin:;\r\n                                    padding:;\r\n                                    '>\r\n                                    <p class=\"st-ff-droid-serif\" style='\r\n                                        color:#67676b;\r\n                                        font-size:16px;\r\n                                        font-weight:400;\r\n                                        line-height:;\r\n                                        letter-spacing:;\r\n                                        font-style:italic;\r\n                                        '>\r\n                                        Sant\u00e9, faune &amp; flore, climat ...                                    <\/p>\r\n                                <\/div>\r\n                                                    \r\n\r\n                                                    <div class=\"title-wrapper\" style='\r\n                                margin:;\r\n                                padding:;\r\n                                '>\r\n                                <h2 class=\"st-ff-open-sans\" style='\r\n                                    color:#967945;\r\n                                    font-size:36px;\r\n                                    font-weight:700;\r\n                                    line-height:;\r\n                                    letter-spacing:;\r\n                                    text-transform:capitalize;\r\n                                    '>\r\n                                    INFORMATIONS                                <\/h2>\r\n                            <\/div>\r\n                        \r\n                        <!-- If seperator  -->\r\n                                                                            \r\n\r\n                        <!-- If subtitle not show first  -->\r\n                        \r\n\r\n\r\n                        \r\n                    <\/div>\r\n                    <!--                    end of \/.row-->\r\n                <\/div>\r\n                <!--                end of \/.valley-section-header-v2-->\r\n            <\/div>\r\n            <!--            end of \/.valley-section-header-wrapper-->\r\n        <\/div>\r\n        <!--        end of \/.valley-section-header-->\r\n\r\n        [\/vc_column][\/vc_row][vc_row full_width=\u00a0\u00bbstretch_row\u00a0\u00bb add_container=\u00a0\u00bb\u00a0\u00bb css=\u00a0\u00bb.vc_custom_1533034201244{background-color: #f5f2ed !important;background-position: center !important;background-repeat: no-repeat !important;background-size: cover !important;}\u00a0\u00bb][vc_column width=\u00a0\u00bb1\/2&Prime;][vc_custom_heading text=\u00a0\u00bbVisa d&rsquo;entr\u00e9e:\u00a0\u00bb font_container=\u00a0\u00bbtag:h3|text_align:center\u00a0\u00bb use_theme_fonts=\u00a0\u00bbyes\u00a0\u00bb][vc_separator color=\u00a0\u00bbcustom\u00a0\u00bb style=\u00a0\u00bbdotted\u00a0\u00bb accent_color=\u00a0\u00bb#9b804e\u00a0\u00bb][vc_column_text]Le visa d&rsquo;entr\u00e9e touristique est d\u00e9livr\u00e9 \u00e0 l&rsquo;arriv\u00e9e \u00e0 l&rsquo;a\u00e9roport international d&rsquo;Antananarivo ou de Fascene &#8211; Nosy Be.<\/p>\n<p>Le tarif pour les s\u00e9jours de moins de 30 jours est de 115 000 Ariary (environ 35 euros au taux de change actuel, variable en fonction du taux de change quotidien) &#8211; \u00e0 r\u00e9gler en esp\u00e8ces \u00e0 l&rsquo;arriv\u00e9e \u00e0 l&rsquo;a\u00e9roport, en EUR ou en ARIARY.<\/p>\n<p>Pour entrer dans le pays, il est n\u00e9cessaire de poss\u00e9der un passeport encore valide au moins 6 mois apr\u00e8s la date du voyage.[\/vc_column_text][vc_custom_heading text=\u00a0\u00bbFuseau horaire\u00a0\u00bb font_container=\u00a0\u00bbtag:h3|text_align:center\u00a0\u00bb use_theme_fonts=\u00a0\u00bbyes\u00a0\u00bb][vc_separator color=\u00a0\u00bbcustom\u00a0\u00bb style=\u00a0\u00bbdotted\u00a0\u00bb accent_color=\u00a0\u00bb#9b804e\u00a0\u00bb][vc_column_text]Madagascar est GMT +3: + 2 heures par rapport \u00e0 l&rsquo;Europe (seulement +1 heure pendant l&rsquo;heure d&rsquo;\u00e9t\u00e9 en France).[\/vc_column_text][vc_custom_heading text=\u00a0\u00bbLangage:\u00a0\u00bb font_container=\u00a0\u00bbtag:h3|text_align:center\u00a0\u00bb use_theme_fonts=\u00a0\u00bbyes\u00a0\u00bb][vc_separator color=\u00a0\u00bbcustom\u00a0\u00bb style=\u00a0\u00bbdotted\u00a0\u00bb accent_color=\u00a0\u00bb#9b804e\u00a0\u00bb][vc_column_text]La langue officielle est le malgache. Du fait de son pass\u00e9 colonial, le fran\u00e7ais est la deuxi\u00e8me langue du pays, la plupart de la population le parle correctement. L&rsquo;anglais n&rsquo;est pas r\u00e9pandu, mais il commence \u00e0 se d\u00e9velopper chez les jeunes.[\/vc_column_text][vc_custom_heading text=\u00a0\u00bbDevises:\u00a0\u00bb font_container=\u00a0\u00bbtag:h3|text_align:center\u00a0\u00bb use_theme_fonts=\u00a0\u00bbyes\u00a0\u00bb][vc_separator color=\u00a0\u00bbcustom\u00a0\u00bb style=\u00a0\u00bbdotted\u00a0\u00bb accent_color=\u00a0\u00bb#9b804e\u00a0\u00bb][vc_column_text]La monnaie locale est l\u2019Ariary (1 euro = environ 3 800 Ariary, variable).<br \/>\nIl est possible de changer la devise \u00e0 l&rsquo;arriv\u00e9e \u00e0 l&rsquo;a\u00e9roport, dans les banques et dans les bureaux de change des principales villes.<\/p>\n<p>Il est conseill\u00e9 de pr\u00e9voir des euros pour votre voyags, car il dispose d&rsquo;un taux de change et d&rsquo;une circulation plus favorables que le dollar.<\/p>\n<p>Les billets de 50 \u20ac ou plus b\u00e9n\u00e9ficient g\u00e9n\u00e9ralement d&rsquo;un change plus favorable.<\/p>\n<p>Les paiements par carte Visa ou Master Card ne sont pas tr\u00e8s r\u00e9pandus, uniquement dans certains h\u00f4tels. En r\u00e8gle g\u00e9n\u00e9rale, des frais de 3% ou 4% sont appliqu\u00e9s pour les retraits des banques situ\u00e9es dans les grandes villes.[\/vc_column_text][vc_separator color=\u00a0\u00bbcustom\u00a0\u00bb style=\u00a0\u00bbdotted\u00a0\u00bb accent_color=\u00a0\u00bb#9b804e\u00a0\u00bb][vc_custom_heading text=\u00a0\u00bbElectricit\u00e9:\u00a0\u00bb font_container=\u00a0\u00bbtag:h3|text_align:center\u00a0\u00bb use_theme_fonts=\u00a0\u00bbyes\u00a0\u00bb][vc_separator color=\u00a0\u00bbcustom\u00a0\u00bb style=\u00a0\u00bbdotted\u00a0\u00bb accent_color=\u00a0\u00bb#9b804e\u00a0\u00bb][vc_column_text]Les coupures de courant sont fr\u00e9quentes.[\/vc_column_text][vc_custom_heading text=\u00a0\u00bbT\u00e9l\u00e9communications:\u00a0\u00bb font_container=\u00a0\u00bbtag:h3|text_align:center\u00a0\u00bb use_theme_fonts=\u00a0\u00bbyes\u00a0\u00bb][vc_separator color=\u00a0\u00bbcustom\u00a0\u00bb style=\u00a0\u00bbdotted\u00a0\u00bb accent_color=\u00a0\u00bb#9b804e\u00a0\u00bb][vc_column_text]Pour appeler de la France vers Madagascar, composez le code +261 suivi de: 020 pour les lignes fixes ou un num\u00e9ro sans le 0 initial pour les t\u00e9l\u00e9phones mobiles.<br \/>\nPour appeler de Madagascar en France, composez le code pays (+33) suivi du num\u00e9ro de t\u00e9l\u00e9phone fran\u00e7ais.<br \/>\nL\u2019acc\u00e8s \u00e0 Internet est r\u00e9pandu dans les h\u00f4tels du pays, la connexion peut \u00eatre lente dans certains cas.[\/vc_column_text][\/vc_column][vc_column width=\u00a0\u00bb1\/2&Prime;][vc_custom_heading text=\u00a0\u00bbFaune et flore:\u00a0\u00bb font_container=\u00a0\u00bbtag:h3|text_align:center\u00a0\u00bb use_theme_fonts=\u00a0\u00bbyes\u00a0\u00bb][vc_separator color=\u00a0\u00bbcustom\u00a0\u00bb style=\u00a0\u00bbdotted\u00a0\u00bb accent_color=\u00a0\u00bb#9b804e\u00a0\u00bb][vc_column_text]La faune de Madagascar a eu une histoire d&rsquo;\u00e9volution unique, ce qui la rend diff\u00e9rente de celle de l&rsquo;Afrique continentale et des autres \u00eeles de l&rsquo;oc\u00e9an Indien. Cela se ressent par par un fort degr\u00e9 d&rsquo;end\u00e9misme. Parmi les esp\u00e8ces animales, on compte au moins cent esp\u00e8ces de l\u00e9muriens, plus de 260 esp\u00e8ces de grenouilles, de nombreuses esp\u00e8ces de cam\u00e9l\u00e9ons, tortues, oiseaux et papillons. Sur l&rsquo;\u00eele, il n&rsquo;y a qu&rsquo;un seul grand pr\u00e9dateur carnivore: le fossa.<br \/>\nL&rsquo;oc\u00e9an abrite une grande vari\u00e9t\u00e9 d&rsquo;esp\u00e8ces aquatiques; nombreux sont, entre autres, les esp\u00e8ces de requins et de baleines ainsi que le tr\u00e8s rare dugong.<br \/>\nIl existe quatre macro-zones g\u00e9ographiques et climatiques diff\u00e9rentes, chacune avec sa v\u00e9g\u00e9tation caract\u00e9ristique.<br \/>\n\u2022 For\u00eat pluviale le long de la c\u00f4te est<br \/>\n\u2022 For\u00eat s\u00e8che \u00e0 feuilles caduques et prairies dans les hautes terres centrales<br \/>\n\u2022 Savane dans la plupart des plaines occidentales<br \/>\n\u2022 D\u00e9sert au sud-ouest<br \/>\nIl existe environ 170 esp\u00e8ces de palmiers, 8 esp\u00e8ces de baobabs, dont 6 sont end\u00e9miques, 33 esp\u00e8ces diff\u00e9rentes de bambou, au moins mille orchid\u00e9es, dont 90% sont end\u00e9miques. Sans parler du merveilleux Pachypodyum et des vastes \u00e9tendues de mangroves qui sont malheureusement de plus en plus menac\u00e9es par l&rsquo;homme.[\/vc_column_text][vc_custom_heading text=\u00a0\u00bbClimat: \u00a0\u00bb font_container=\u00a0\u00bbtag:h3|text_align:center\u00a0\u00bb use_theme_fonts=\u00a0\u00bbyes\u00a0\u00bb][vc_separator color=\u00a0\u00bbcustom\u00a0\u00bb style=\u00a0\u00bbdotted\u00a0\u00bb accent_color=\u00a0\u00bb#9b804e\u00a0\u00bb][vc_column_text]L&rsquo;ann\u00e9e est divis\u00e9e en deux saisons distinctes: l&rsquo;\u00e9t\u00e9 austral (p\u00e9riode de novembre \/ mai) caract\u00e9ris\u00e9e par un climat chaud et humide, et l&rsquo;hiver austral (juin \/ octobre) avec un climat frais et sec. Cependant, les saisons dans les hautes terres sont diff\u00e9rentes de celles de la c\u00f4te. Le soleil brille toute l&rsquo;ann\u00e9e dans les r\u00e9gions c\u00f4ti\u00e8res, \u00e0 l&rsquo;exception des pluies fr\u00e9quentes de janvier \u00e0 mars; tandis que dans les hautes terres, il y a du soleil pendant l&rsquo;\u00e9t\u00e9 et le climat est plut\u00f4t froid pendant l&rsquo;hiver. Alors, n&rsquo;oubliez pas d&rsquo;apporter des v\u00eatements l\u00e9gers pendant votre s\u00e9jour dans les zones c\u00f4ti\u00e8res et des v\u00eatements \u00e9pais pour le s\u00e9jour dans la partie centrale de l&rsquo;\u00eele ou pour des randonn\u00e9es sur les plateaux.[\/vc_column_text][vc_custom_heading text=\u00a0\u00bbSant\u00e9 et vaccinations:\u00a0\u00bb font_container=\u00a0\u00bbtag:h3|text_align:center\u00a0\u00bb use_theme_fonts=\u00a0\u00bbyes\u00a0\u00bb][vc_separator color=\u00a0\u00bbcustom\u00a0\u00bb style=\u00a0\u00bbdotted\u00a0\u00bb accent_color=\u00a0\u00bb#9b804e\u00a0\u00bb][vc_column_text]Un traitement pr\u00e9ventif antipalud\u00e9en est recommand\u00e9e par les \u00e9tablissements de sant\u00e9 internationaux. Nos consultants sont disponibles pour conseiller d&rsquo;\u00e9ventuelles th\u00e9rapies de pr\u00e9vention naturelles et hom\u00e9opathiques. Les vaccins contre l\u2019h\u00e9patite sont recommand\u00e9s. Il est \u00e9galement conseill\u00e9 d&#8217;emporter avec vous les m\u00e9dicaments de base dont vous pourriez avoir besoin pour votre s\u00e9jour. Contactez votre m\u00e9decin.<\/p>\n<p>Les h\u00f4pitaux et les cliniques priv\u00e9es sont situ\u00e9s dans les principales villes. Les villages ne disposent que de centres de sant\u00e9 de base, sp\u00e9cialement d\u00e9di\u00e9s aux traitements locaux traditionnels.<\/p>\n<p>Surveillez l&rsquo;hygi\u00e8ne des aliments et ne buvez que de l&rsquo;eau en bouteille pour \u00e9viter divers probl\u00e8mes d&rsquo;intoxication.[\/vc_column_text][vc_custom_heading text=\u00a0\u00bbAchats:\u00a0\u00bb font_container=\u00a0\u00bbtag:h3|text_align:center\u00a0\u00bb use_theme_fonts=\u00a0\u00bbyes\u00a0\u00bb][vc_separator color=\u00a0\u00bbcustom\u00a0\u00bb style=\u00a0\u00bbdotted\u00a0\u00bb accent_color=\u00a0\u00bb#9b804e\u00a0\u00bb][vc_column_text]Le march\u00e9 artisanal propose une large gamme de souvenirs. Certains articles (sculptures sur bois, pierres) n\u00e9cessitent une autorisation d&rsquo;exportation sp\u00e9ciale, d\u00e9livr\u00e9e par les magasins o\u00f9 l&rsquo;achat sera effectu\u00e9. L&rsquo;exportation de coquillages, d&rsquo;esp\u00e8ces v\u00e9g\u00e9tales ou animales de Madagascar est interdite.[\/vc_column_text][\/vc_column][\/vc_row]<\/p>\n<\/div>","protected":false},"excerpt":{"rendered":"<p>[vc_row full_width=\u00a0\u00bbstretch_row\u00a0\u00bb add_container=\u00a0\u00bb\u00a0\u00bb css=\u00a0\u00bb.vc_custom_1533034152017{background-color: #f5f2ed !important;background-position: center !important;background-repeat: no-repeat !important;background-size: cover !important;}\u00a0\u00bb][vc_column css=\u00a0\u00bb.vc_custom_1529410140884{margin-top: 50px !important;}\u00a0\u00bb][\/vc_column][\/vc_row][vc_row full_width=\u00a0\u00bbstretch_row\u00a0\u00bb add_container=\u00a0\u00bb\u00a0\u00bb css=\u00a0\u00bb.vc_custom_1533034201244{background-color: #f5f2ed !important;background-position: center !important;background-repeat: no-repeat !important;background-size: cover !important;}\u00a0\u00bb][vc_column width=\u00a0\u00bb1\/2&Prime;][vc_custom_heading text=\u00a0\u00bbVisa d&rsquo;entr\u00e9e:\u00a0\u00bb font_container=\u00a0\u00bbtag:h3|text_align:center\u00a0\u00bb use_theme_fonts=\u00a0\u00bbyes\u00a0\u00bb][vc_separator color=\u00a0\u00bbcustom\u00a0\u00bb style=\u00a0\u00bbdotted\u00a0\u00bb accent_color=\u00a0\u00bb#9b804e\u00a0\u00bb][vc_column_text]Le visa d&rsquo;entr\u00e9e touristique est d\u00e9livr\u00e9 \u00e0 l&rsquo;arriv\u00e9e \u00e0 l&rsquo;a\u00e9roport international d&rsquo;Antananarivo ou de Fascene &#8211; Nosy Be. Le tarif pour les [&hellip;]<\/p>\n","protected":false},"author":3,"featured_media":3816,"parent":0,"menu_order":0,"comment_status":"closed","ping_status":"closed","template":"","meta":{"footnotes":""},"class_list":["post-4064","page","type-page","status-publish","has-post-thumbnail","hentry"],"_links":{"self":[{"href":"https:\/\/www.hazotsara.com\/fr\/wp-json\/wp\/v2\/pages\/4064","targetHints":{"allow":["GET"]}}],"collection":[{"href":"https:\/\/www.hazotsara.com\/fr\/wp-json\/wp\/v2\/pages"}],"about":[{"href":"https:\/\/www.hazotsara.com\/fr\/wp-json\/wp\/v2\/types\/page"}],"author":[{"embeddable":true,"href":"https:\/\/www.hazotsara.com\/fr\/wp-json\/wp\/v2\/users\/3"}],"replies":[{"embeddable":true,"href":"https:\/\/www.hazotsara.com\/fr\/wp-json\/wp\/v2\/comments?post=4064"}],"version-history":[{"count":5,"href":"https:\/\/www.hazotsara.com\/fr\/wp-json\/wp\/v2\/pages\/4064\/revisions"}],"predecessor-version":[{"id":4071,"href":"https:\/\/www.hazotsara.com\/fr\/wp-json\/wp\/v2\/pages\/4064\/revisions\/4071"}],"wp:featuredmedia":[{"embeddable":true,"href":"https:\/\/www.hazotsara.com\/fr\/wp-json\/wp\/v2\/media\/3816"}],"wp:attachment":[{"href":"https:\/\/www.hazotsara.com\/fr\/wp-json\/wp\/v2\/media?parent=4064"}],"curies":[{"name":"wp","href":"https:\/\/api.w.org\/{rel}","templated":true}]}}